{"id":467,"date":"2024-02-28T13:42:14","date_gmt":"2024-02-28T12:42:14","guid":{"rendered":"http:\/\/widmar.pl\/?page_id=467"},"modified":"2024-02-28T13:43:00","modified_gmt":"2024-02-28T12:43:00","slug":"wspolpraca-w-zakresie-doradztwa-prawnego","status":"publish","type":"page","link":"http:\/\/widmar.pl\/index.php\/wspolpraca-w-zakresie-doradztwa-prawnego\/","title":{"rendered":"Wsp\u00f3\u0142praca w zakresie doradztwa prawnego"},"content":{"rendered":"\t\t<div data-elementor-type=\"wp-page\" data-elementor-id=\"467\" class=\"elementor elementor-467\" data-elementor-post-type=\"page\">\n\t\t\t\t\t\t<section class=\"elementor-section elementor-top-section elementor-element elementor-element-64c2f4a elementor-section-boxed elementor-section-height-default elementor-section-height-default\" data-id=\"64c2f4a\" data-element_type=\"section\" data-settings=\"{&quot;background_background&quot;:&quot;classic&quot;,&quot;ekit_section_parallax_bg_speed&quot;:&quot;0.7&quot;,&quot;ekit_section_parallax_bg&quot;:&quot;yes&quot;,&quot;ekit_has_onepagescroll_dot&quot;:&quot;yes&quot;}\">\n\t\t\t\t\t\t\t<div class=\"elementor-background-overlay\"><\/div>\n\t\t\t\t\t\t\t<div class=\"elementor-container elementor-column-gap-default\">\n\t\t\t\t\t<div class=\"elementor-column elementor-col-100 elementor-top-column elementor-element elementor-element-e05c3fd\" data-id=\"e05c3fd\" data-element_type=\"column\">\n\t\t\t<div class=\"elementor-widget-wrap elementor-element-populated\">\n\t\t\t\t\t\t<div class=\"elementor-element elementor-element-1e82c41 elementor-widget elementor-widget-elementskit-breadcrumb\" data-id=\"1e82c41\" data-element_type=\"widget\" data-settings=\"{&quot;ekit_we_effect_on&quot;:&quot;none&quot;}\" data-widget_type=\"elementskit-breadcrumb.default\">\n\t\t\t\t<div class=\"elementor-widget-container\">\n\t\t\t<div class=\"ekit-wid-con\" ><ol class=\"ekit-breadcrumb\"><li class=\"ekit_breadcrumbs_start\"><a href=\"http:\/\/widmar.pl\">Home<\/a><\/li><\/ol><\/div>\t\t<\/div>\n\t\t\t\t<\/div>\n\t\t\t\t\t<\/div>\n\t\t<\/div>\n\t\t\t\t\t<\/div>\n\t\t<\/section>\n\t\t<div class=\"elementor-element elementor-element-96e0c2e e-flex e-con-boxed e-con e-parent\" data-id=\"96e0c2e\" data-element_type=\"container\" data-settings=\"{&quot;content_width&quot;:&quot;boxed&quot;,&quot;ekit_has_onepagescroll_dot&quot;:&quot;yes&quot;}\" data-core-v316-plus=\"true\">\n\t\t\t\t\t<div class=\"e-con-inner\">\n\t\t\t\t<div class=\"elementor-element elementor-element-2b68868 elementor-widget elementor-widget-text-editor\" data-id=\"2b68868\" data-element_type=\"widget\" data-settings=\"{&quot;ekit_we_effect_on&quot;:&quot;none&quot;}\" data-widget_type=\"text-editor.default\">\n\t\t\t\t<div class=\"elementor-widget-container\">\n\t\t\t<style>\/*! elementor - v3.19.0 - 26-02-2024 *\/\n.elementor-widget-text-editor.elementor-drop-cap-view-stacked .elementor-drop-cap{background-color:#69727d;color:#fff}.elementor-widget-text-editor.elementor-drop-cap-view-framed .elementor-drop-cap{color:#69727d;border:3px solid;background-color:transparent}.elementor-widget-text-editor:not(.elementor-drop-cap-view-default) .elementor-drop-cap{margin-top:8px}.elementor-widget-text-editor:not(.elementor-drop-cap-view-default) .elementor-drop-cap-letter{width:1em;height:1em}.elementor-widget-text-editor .elementor-drop-cap{float:left;text-align:center;line-height:1;font-size:50px}.elementor-widget-text-editor .elementor-drop-cap-letter{display:inline-block}<\/style>\t\t\t\t<div id=\"content\"><div id=\"content2\"><div class=\"item-page\"><p>Kompleksowe wsparcie prawne zapewniane dzi\u0119ki wsp\u00f3\u0142pracy z adwokatami oraz radcami prawnymi.<\/p><h2>\u00a0<\/h2><h2>Szkolenia<\/h2><p>Szkolenia zwi\u0105zane z prawem podatkowym, gospodarczym i ksi\u0119gowo\u015bci\u0105.<\/p><\/div><\/div><\/div>\t\t\t\t\t\t<\/div>\n\t\t\t\t<\/div>\n\t\t\t\t\t<\/div>\n\t\t\t\t<\/div>\n\t\t\t\t<\/div>\n\t\t","protected":false},"excerpt":{"rendered":"<p>Home Kompleksowe wsparcie prawne zapewniane dzi\u0119ki wsp\u00f3\u0142pracy z adwokatami oraz radcami prawnymi. Szkolenia Szkolenia zwi\u0105zane z prawem podatkowym, gospodarczym i ksi\u0119gowo\u015bci\u0105.<\/p>\n","protected":false},"author":1,"featured_media":0,"parent":0,"menu_order":0,"comment_status":"closed","ping_status":"closed","template":"elementor_header_footer","meta":{"footnotes":""},"class_list":["post-467","page","type-page","status-publish","hentry"],"_links":{"self":[{"href":"http:\/\/widmar.pl\/index.php\/wp-json\/wp\/v2\/pages\/467","targetHints":{"allow":["GET"]}}],"collection":[{"href":"http:\/\/widmar.pl\/index.php\/wp-json\/wp\/v2\/pages"}],"about":[{"href":"http:\/\/widmar.pl\/index.php\/wp-json\/wp\/v2\/types\/page"}],"author":[{"embeddable":true,"href":"http:\/\/widmar.pl\/index.php\/wp-json\/wp\/v2\/users\/1"}],"replies":[{"embeddable":true,"href":"http:\/\/widmar.pl\/index.php\/wp-json\/wp\/v2\/comments?post=467"}],"version-history":[{"count":7,"href":"http:\/\/widmar.pl\/index.php\/wp-json\/wp\/v2\/pages\/467\/revisions"}],"predecessor-version":[{"id":474,"href":"http:\/\/widmar.pl\/index.php\/wp-json\/wp\/v2\/pages\/467\/revisions\/474"}],"wp:attachment":[{"href":"http:\/\/widmar.pl\/index.php\/wp-json\/wp\/v2\/media?parent=467"}],"curies":[{"name":"wp","href":"https:\/\/api.w.org\/{rel}","templated":true}]}}