{"id":462,"date":"2024-02-28T13:40:54","date_gmt":"2024-02-28T12:40:54","guid":{"rendered":"http:\/\/widmar.pl\/?page_id=462"},"modified":"2024-02-28T13:41:29","modified_gmt":"2024-02-28T12:41:29","slug":"uslugi-dodatkowe","status":"publish","type":"page","link":"http:\/\/widmar.pl\/index.php\/uslugi-dodatkowe\/","title":{"rendered":"Us\u0142ugi dodatkowe"},"content":{"rendered":"\t\t<div data-elementor-type=\"wp-page\" data-elementor-id=\"462\" class=\"elementor elementor-462\" data-elementor-post-type=\"page\">\n\t\t\t\t\t\t<section class=\"elementor-section elementor-top-section elementor-element elementor-element-2b2c528 elementor-section-boxed elementor-section-height-default elementor-section-height-default\" data-id=\"2b2c528\" data-element_type=\"section\" data-settings=\"{&quot;background_background&quot;:&quot;classic&quot;,&quot;ekit_section_parallax_bg_speed&quot;:&quot;0.7&quot;,&quot;ekit_section_parallax_bg&quot;:&quot;yes&quot;,&quot;ekit_has_onepagescroll_dot&quot;:&quot;yes&quot;}\">\n\t\t\t\t\t\t\t<div class=\"elementor-background-overlay\"><\/div>\n\t\t\t\t\t\t\t<div class=\"elementor-container elementor-column-gap-default\">\n\t\t\t\t\t<div class=\"elementor-column elementor-col-100 elementor-top-column elementor-element elementor-element-b7b00ca\" data-id=\"b7b00ca\" data-element_type=\"column\">\n\t\t\t<div class=\"elementor-widget-wrap elementor-element-populated\">\n\t\t\t\t\t\t<div class=\"elementor-element elementor-element-d60e2c1 elementor-widget elementor-widget-elementskit-breadcrumb\" data-id=\"d60e2c1\" data-element_type=\"widget\" data-settings=\"{&quot;ekit_we_effect_on&quot;:&quot;none&quot;}\" data-widget_type=\"elementskit-breadcrumb.default\">\n\t\t\t\t<div class=\"elementor-widget-container\">\n\t\t\t<div class=\"ekit-wid-con\" ><ol class=\"ekit-breadcrumb\"><li class=\"ekit_breadcrumbs_start\"><a href=\"http:\/\/widmar.pl\">Home<\/a><\/li><\/ol><\/div>\t\t<\/div>\n\t\t\t\t<\/div>\n\t\t\t\t\t<\/div>\n\t\t<\/div>\n\t\t\t\t\t<\/div>\n\t\t<\/section>\n\t\t<div class=\"elementor-element elementor-element-1719938 e-flex e-con-boxed e-con e-parent\" data-id=\"1719938\" data-element_type=\"container\" data-settings=\"{&quot;content_width&quot;:&quot;boxed&quot;,&quot;ekit_has_onepagescroll_dot&quot;:&quot;yes&quot;}\" data-core-v316-plus=\"true\">\n\t\t\t\t\t<div class=\"e-con-inner\">\n\t\t\t\t<div class=\"elementor-element elementor-element-39cc845 elementor-widget elementor-widget-text-editor\" data-id=\"39cc845\" data-element_type=\"widget\" data-settings=\"{&quot;ekit_we_effect_on&quot;:&quot;none&quot;}\" data-widget_type=\"text-editor.default\">\n\t\t\t\t<div class=\"elementor-widget-container\">\n\t\t\t<style>\/*! elementor - v3.19.0 - 26-02-2024 *\/\n.elementor-widget-text-editor.elementor-drop-cap-view-stacked .elementor-drop-cap{background-color:#69727d;color:#fff}.elementor-widget-text-editor.elementor-drop-cap-view-framed .elementor-drop-cap{color:#69727d;border:3px solid;background-color:transparent}.elementor-widget-text-editor:not(.elementor-drop-cap-view-default) .elementor-drop-cap{margin-top:8px}.elementor-widget-text-editor:not(.elementor-drop-cap-view-default) .elementor-drop-cap-letter{width:1em;height:1em}.elementor-widget-text-editor .elementor-drop-cap{float:left;text-align:center;line-height:1;font-size:50px}.elementor-widget-text-editor .elementor-drop-cap-letter{display:inline-block}<\/style>\t\t\t\t<p><strong>Proponujemy szereg us\u0142ug dodatkowych, m.in.:<\/strong><\/p><ul class=\"w_tresci\"><li>Sta\u0142a i dora\u017ana pomoc dla firm posiadaj\u0105cych w\u0142asny dzia\u0142 ksi\u0119gowy lub kadrowo-p\u0142acowy,<\/li><li>W przypadku czasowej nieobecno\u015bci ksi\u0119gowej\/-ego, zapewniaj\u0105ca ci\u0105g\u0142o\u015b\u0107 pracy i pozwalaj\u0105ca na unikni\u0119cie kar zwi\u0105zanych z niedotrzymaniem termin\u00f3w,<\/li><li>Sta\u0142e i okresowe przegl\u0105dy i weryfikacje prowadzonej we w\u0142asnym zakresie ksi\u0119gowo\u015bci oraz kadr i p\u0142ac,<\/li><li>Wyprowadzanie zaleg\u0142o\u015bci,<\/li><li>Pomoc w uzyskaniu za\u015bwiadcze\u0144 o niezaleganiu w tytu\u0142u podatk\u00f3w i sk\u0142adek ZUS,<\/li><li>Przygotowywanie wniosk\u00f3w, sprawozda\u0144 finansowych ( bilans, rachunek wynik\u00f3w, sprawozdanie z przep\u0142yw\u00f3w pieni\u0119\u017cnych, informacja dodatkowa), plan\u00f3w w pozyskiwaniu finansowania zewn\u0119trznego,<\/li><li>Doradztwo w zakresie rachunkowo\u015bci, finans\u00f3w i podatk\u00f3w,<\/li><li>Sporz\u0105dzanie dokumentacji zwi\u0105zanej z uruchomieniem dzia\u0142alno\u015bci gospodarczej,<\/li><li>Likwidacja firmy,<\/li><li>Przygotowanie dodatkowych um\u00f3w (najmu, po\u017cyczki, wsp\u00f3\u0142pracy, itp.),<\/li><li>Kontrola rozrachunk\u00f3w z kontrahentami,<\/li><li>Opracowanie odwo\u0142ania w post\u0119powaniu podatkowym,<\/li><li>Reprezentacja podatnika w post\u0119powaniu s\u0105dowym,<\/li><li>Zeznania roczne,<\/li><li>Pomoc przy zawieraniu um\u00f3w kredytowych oraz um\u00f3w leasingowych (np. sporz\u0105dzanie okresowych sprawozda\u0144, wykazu maj\u0105tku, przesy\u0142anie deklaracji podatkowych i zezna\u0144 rocznych do instytucji finansowych lub kontrahent\u00f3w),<\/li><li>Pomoc przy uzyskaniu r\u00f3\u017cnego rodzaju dotacji,<\/li><li>Zmiany w ewidencji ksi\u0119gowej powoduj\u0105ce konieczno\u015b\u0107 dokonywania korekt deklaracji podatkowych,<\/li><li>Opracowanie pisma o interpretacj\u0119,<\/li><li>Przygotowanie oraz prowadzenie przekszta\u0142ce\u0144 podmiot\u00f3w,<\/li><li>Porady i opinie dla przedsi\u0119biorc\u00f3w w zakresie ubezpiecze\u0144 spo\u0142ecznych i prawa pracy,<\/li><li>Sporz\u0105dzanie kompleksowych i wycinkowych opracowa\u0144 ekonomicznych i finansowych dotycz\u0105cych sytuacji klienta.<\/li><\/ul>\t\t\t\t\t\t<\/div>\n\t\t\t\t<\/div>\n\t\t\t\t\t<\/div>\n\t\t\t\t<\/div>\n\t\t\t\t<\/div>\n\t\t","protected":false},"excerpt":{"rendered":"<p>Home Proponujemy szereg us\u0142ug dodatkowych, m.in.: Sta\u0142a i dora\u017ana pomoc dla firm posiadaj\u0105cych w\u0142asny dzia\u0142 ksi\u0119gowy lub kadrowo-p\u0142acowy, W przypadku czasowej nieobecno\u015bci ksi\u0119gowej\/-ego, zapewniaj\u0105ca ci\u0105g\u0142o\u015b\u0107 pracy i pozwalaj\u0105ca na unikni\u0119cie kar zwi\u0105zanych z niedotrzymaniem termin\u00f3w, Sta\u0142e i okresowe przegl\u0105dy i weryfikacje prowadzonej we w\u0142asnym zakresie ksi\u0119gowo\u015bci oraz kadr i p\u0142ac, Wyprowadzanie zaleg\u0142o\u015bci, Pomoc w uzyskaniu [&hellip;]<\/p>\n","protected":false},"author":1,"featured_media":0,"parent":0,"menu_order":0,"comment_status":"closed","ping_status":"closed","template":"elementor_header_footer","meta":{"footnotes":""},"class_list":["post-462","page","type-page","status-publish","hentry"],"_links":{"self":[{"href":"http:\/\/widmar.pl\/index.php\/wp-json\/wp\/v2\/pages\/462","targetHints":{"allow":["GET"]}}],"collection":[{"href":"http:\/\/widmar.pl\/index.php\/wp-json\/wp\/v2\/pages"}],"about":[{"href":"http:\/\/widmar.pl\/index.php\/wp-json\/wp\/v2\/types\/page"}],"author":[{"embeddable":true,"href":"http:\/\/widmar.pl\/index.php\/wp-json\/wp\/v2\/users\/1"}],"replies":[{"embeddable":true,"href":"http:\/\/widmar.pl\/index.php\/wp-json\/wp\/v2\/comments?post=462"}],"version-history":[{"count":4,"href":"http:\/\/widmar.pl\/index.php\/wp-json\/wp\/v2\/pages\/462\/revisions"}],"predecessor-version":[{"id":466,"href":"http:\/\/widmar.pl\/index.php\/wp-json\/wp\/v2\/pages\/462\/revisions\/466"}],"wp:attachment":[{"href":"http:\/\/widmar.pl\/index.php\/wp-json\/wp\/v2\/media?parent=462"}],"curies":[{"name":"wp","href":"https:\/\/api.w.org\/{rel}","templated":true}]}}