{"id":452,"date":"2024-02-28T13:38:33","date_gmt":"2024-02-28T12:38:33","guid":{"rendered":"http:\/\/widmar.pl\/?page_id=452"},"modified":"2024-02-28T13:39:02","modified_gmt":"2024-02-28T12:39:02","slug":"kadry-i-place","status":"publish","type":"page","link":"http:\/\/widmar.pl\/index.php\/kadry-i-place\/","title":{"rendered":"Kadry i p\u0142ace"},"content":{"rendered":"\t\t<div data-elementor-type=\"wp-page\" data-elementor-id=\"452\" class=\"elementor elementor-452\" data-elementor-post-type=\"page\">\n\t\t\t\t<div class=\"elementor-element elementor-element-5caa1aa4 e-flex e-con-boxed e-con e-parent\" data-id=\"5caa1aa4\" data-element_type=\"container\" data-settings=\"{&quot;content_width&quot;:&quot;boxed&quot;,&quot;ekit_has_onepagescroll_dot&quot;:&quot;yes&quot;}\" data-core-v316-plus=\"true\">\n\t\t\t\t\t<div class=\"e-con-inner\">\n\t\t\t\t<div class=\"elementor-element elementor-element-1540e96e elementor-widget elementor-widget-text-editor\" data-id=\"1540e96e\" data-element_type=\"widget\" data-settings=\"{&quot;ekit_we_effect_on&quot;:&quot;none&quot;}\" data-widget_type=\"text-editor.default\">\n\t\t\t\t<div class=\"elementor-widget-container\">\n\t\t\t<style>\/*! elementor - v3.19.0 - 26-02-2024 *\/\n.elementor-widget-text-editor.elementor-drop-cap-view-stacked .elementor-drop-cap{background-color:#69727d;color:#fff}.elementor-widget-text-editor.elementor-drop-cap-view-framed .elementor-drop-cap{color:#69727d;border:3px solid;background-color:transparent}.elementor-widget-text-editor:not(.elementor-drop-cap-view-default) .elementor-drop-cap{margin-top:8px}.elementor-widget-text-editor:not(.elementor-drop-cap-view-default) .elementor-drop-cap-letter{width:1em;height:1em}.elementor-widget-text-editor .elementor-drop-cap{float:left;text-align:center;line-height:1;font-size:50px}.elementor-widget-text-editor .elementor-drop-cap-letter{display:inline-block}<\/style>\t\t\t\t<!-- wp:paragraph -->\n<p><strong><a href=\"http:\/\/widmar.pl\/images\/IMG_6218a.jpg\"><\/a><\/strong><a href=\"http:\/\/widmar.pl\/images\/IMG_6218a.jpg\"><\/a><\/p>\n<!-- \/wp:paragraph -->\t\t\t\t\t\t<\/div>\n\t\t\t\t<\/div>\n\t\t\t\t\t<\/div>\n\t\t\t\t<\/div>\n\t\t\t\t<section class=\"elementor-section elementor-top-section elementor-element elementor-element-801177f elementor-section-boxed elementor-section-height-default elementor-section-height-default\" data-id=\"801177f\" data-element_type=\"section\" data-settings=\"{&quot;background_background&quot;:&quot;classic&quot;,&quot;ekit_section_parallax_bg_speed&quot;:&quot;0.7&quot;,&quot;ekit_section_parallax_bg&quot;:&quot;yes&quot;,&quot;ekit_has_onepagescroll_dot&quot;:&quot;yes&quot;}\">\n\t\t\t\t\t\t\t<div class=\"elementor-background-overlay\"><\/div>\n\t\t\t\t\t\t\t<div class=\"elementor-container elementor-column-gap-default\">\n\t\t\t\t\t<div class=\"elementor-column elementor-col-100 elementor-top-column elementor-element elementor-element-3240001\" data-id=\"3240001\" data-element_type=\"column\">\n\t\t\t<div class=\"elementor-widget-wrap elementor-element-populated\">\n\t\t\t\t\t\t<div class=\"elementor-element elementor-element-524db1d elementor-widget elementor-widget-elementskit-breadcrumb\" data-id=\"524db1d\" data-element_type=\"widget\" data-settings=\"{&quot;ekit_we_effect_on&quot;:&quot;none&quot;}\" data-widget_type=\"elementskit-breadcrumb.default\">\n\t\t\t\t<div class=\"elementor-widget-container\">\n\t\t\t<div class=\"ekit-wid-con\" ><ol class=\"ekit-breadcrumb\"><li class=\"ekit_breadcrumbs_start\"><a href=\"http:\/\/widmar.pl\">Home<\/a><\/li><\/ol><\/div>\t\t<\/div>\n\t\t\t\t<\/div>\n\t\t\t\t\t<\/div>\n\t\t<\/div>\n\t\t\t\t\t<\/div>\n\t\t<\/section>\n\t\t<div class=\"elementor-element elementor-element-33a4ab0 e-flex e-con-boxed e-con e-parent\" data-id=\"33a4ab0\" data-element_type=\"container\" data-settings=\"{&quot;content_width&quot;:&quot;boxed&quot;,&quot;ekit_has_onepagescroll_dot&quot;:&quot;yes&quot;}\" data-core-v316-plus=\"true\">\n\t\t\t\t\t<div class=\"e-con-inner\">\n\t\t\t\t<div class=\"elementor-element elementor-element-0bbed9b elementor-widget elementor-widget-text-editor\" data-id=\"0bbed9b\" data-element_type=\"widget\" data-settings=\"{&quot;ekit_we_effect_on&quot;:&quot;none&quot;}\" data-widget_type=\"text-editor.default\">\n\t\t\t\t<div class=\"elementor-widget-container\">\n\t\t\t\t\t\t\t<div id=\"content\">\n<div id=\"content2\">\n<div class=\"item-page\">\n<p><strong>Obs\u0142uga kadrowo-p\u0142acowa firm obejmuje:<\/strong><\/p>\n<ul class=\"w_tresci\">\n<li>prowadzenie obs\u0142ugi kadrowej od przyj\u0119cia do zwolnienia pracownika,\u00a0<\/li>\n<li>prowadzenie obs\u0142ugi p\u0142acowej (sporz\u0105dzanie list p\u0142ac, um\u00f3w zlece\u0144 i o dzie\u0142o itp.),\u00a0<\/li>\n<li>rozliczenia z ZUS ,US i PFRON,\u00a0<\/li>\n<li>doradztwo z zakresu obowi\u0105zk\u00f3w p\u0142atniczych PIT, ZUS PFRON,\u00a0<\/li>\n<li>doradztwo w zakresie optymalnych form zatrudnienia i wynagradzania kadr.\u00a0<\/li>\n<\/ul>\n<p>Szczeg\u00f3\u0142owe warunki wsp\u00f3\u0142pracy i koszty us\u0142ug ustalane s\u0105 indywidualnie z ka\u017cdym klientem. \u00a0\u00a0<\/p>\n<p>Zakres us\u0142ug:<\/p>\n<ul class=\"w_tresci\">\n<li><strong>Prowadzenie spraw pracowniczych z aktami osobowymi:<\/strong>\n<ul>\n<li>naliczanie wynagrodze\u0144 sporz\u0105dzanie listy p\u0142ac,<\/li>\n<li>sporz\u0105dzanie i sk\u0142adanie miesi\u0119cznych deklaracji rozliczeniowych do US oraz ZUS (przekaz elektroniczny),<\/li>\n<li>przygotowywanie przelew\u00f3w na wynagrodzenia, p\u0142atno\u015bci podatk\u00f3w i sk\u0142adek do ZUS i US,<\/li>\n<li>przygotowywanie raport\u00f3w RMUA dla pracownik\u00f3w,<\/li>\n<li>rozliczanie godzin nadliczbowych zgodnie z dokumentacj\u0105,<\/li>\n<li>rozliczanie um\u00f3w zlece\u0144 i o dzie\u0142o,<\/li>\n<li>przygotowanie raport\u00f3w kadrowo -p\u0142acowych dla potrzeb wewn\u0119trznych oraz zewn\u0119trznych np. do GUS,<\/li>\n<li>sporz\u0105dzanie i sk\u0142adanie deklaracji PFRON,<\/li>\n<li>rejestracja i wyrejestrowywanie pracownik\u00f3w w ZUS,<\/li>\n<li>sporz\u0105dzanie informacji przeznaczonych dla pracownik\u00f3w o wysoko\u015bci wynagrodzenia, pobranych sk\u0142adkach na ubezpieczenia oraz zaliczkach na podatek dochodowy,<\/li>\n<li>sporz\u0105dzanie druk\u00f3w Z-3 do zwolnie\u0144 lekarskich,<\/li>\n<li>prowadzenie akt osobowych,<\/li>\n<li>ewidencja i kontrola nieobecno\u015bci z tytu\u0142u urlop\u00f3w, zwolnie\u0144 lekarskich i innych,<\/li>\n<li>kontrola wa\u017cno\u015bci bada\u0144 lekarskich oraz kierowanie na badania lekarskie \u2013 wst\u0119pne, okresowe oraz kontrolne,<\/li>\n<li>kontrola dokumentacji szkole\u0144 BHP,<\/li>\n<li>przygotowanie dokument\u00f3w zwi\u0105zanych z ustaleniem ( sporz\u0105dzanie um\u00f3w o prac\u0119, aneks\u00f3w i innych dokument\u00f3w wymaganych przepisami Prawa Pracy) oraz ustaniem stosunku pracy ( rozwi\u0105zania um\u00f3w o prac\u0119, \u015bwiadectwa pracy),<\/li>\n<li>przygotowywanie za\u015bwiadcze\u0144 mi\u0119dzy innymi o okresach zatrudnienia, za\u015bwiadcze\u0144 o wynagrodzeniu,<\/li>\n<li>wydawanie duplikat\u00f3w dokument\u00f3w dla pracownik\u00f3w przygotowywanie informacji do komornik\u00f3w,<\/li>\n<li>sporz\u0105dzanie raport\u00f3w dla potrzeb zarz\u0105dzania kadrami np. uzgodnienie zatrudnienia,<\/li>\n<li>obs\u0142uga zatrudnienia os\u00f3b niepe\u0142nosprawnych.<\/li>\n<\/ul>\n<\/li>\n<li><strong>Prowadzenie spraw pracowniczych bez akt osobowych:<\/strong>\n<ul>\n<li>naliczanie wynagrodze\u0144 i sporz\u0105dzanie listy p\u0142ac,<\/li>\n<li>sporz\u0105dzanie i sk\u0142adanie miesi\u0119cznych deklaracji rozliczeniowych do US oraz ZUS (przekaz\u00a0elektroniczny),<\/li>\n<li>przygotowywanie przelew\u00f3w na wynagrodzenia, p\u0142atno\u015bci podatk\u00f3w i sk\u0142adek do ZUS i US,<\/li>\n<li>przygotowywanie raport\u00f3w RMUA dla pracownik\u00f3w,<\/li>\n<li>rozliczanie godzin nadliczbowych zgodnie z dokumentacj\u0105,<\/li>\n<li>rozliczanie um\u00f3w zlece\u0144 i o dzie\u0142o,<\/li>\n<li>przygotowanie raport\u00f3w kadrowo -p\u0142acowych dla potrzeb, wewn\u0119trznych oraz zewn\u0119trznych np. do GUS,<\/li>\n<li>sporz\u0105dzanie i sk\u0142adanie deklaracji PFRON rejestracja i wyrejestrowywanie pracownik\u00f3w w ZUS,<\/li>\n<li>sporz\u0105dzanie informacji przeznaczonych dla pracownik\u00f3w o wysoko\u015bci wynagrodzenia, pobranych, \u00a0<\/li>\n<li>sk\u0142adkach na ubezpieczenia oraz zaliczkach na podatek dochodowy,<\/li>\n<li>sporz\u0105dzanie druk\u00f3w Z-3 do zwolnie\u0144 lekarskich.<\/li>\n<\/ul>\n<\/li>\n<li><strong>Inne:<\/strong>\n<ul>\n<li>konstruowanie um\u00f3w zlecenia oraz um\u00f3w o dzie\u0142o,<\/li>\n<li>dostosowywanie istniej\u0105cych um\u00f3w o prac\u0119 oraz um\u00f3w zlecenia do zmieniaj\u0105cych si\u0119 przepis\u00f3w,<\/li>\n<li>opracowywanie wniosk\u00f3w o zasi\u0142ek macierzy\u0144ski, rodzinny,<\/li>\n<li>opracowywanie wniosku o ustalenie kapita\u0142u pocz\u0105tkowego,<\/li>\n<li>korespondencja z ZUS np. wnioski o przywr\u00f3cenie terminu p\u0142atno\u015bci,\u00a0<\/li>\n<li>sporz\u0105dzanie korekt dokument\u00f3w rozliczeniowych nie sporz\u0105dzonych przez kancelari\u0119 podatkow\u0105, b\u0105d\u017a w\u00a0kt\u00f3rych korekta nie jest zawiniona przez biuro,<\/li>\n<li>sporz\u0105dzanie i dystrybucja rocznych informacji o dochodach ( PIT-11, PIT 8B, PIT, 40) oraz PIT-4R i PIT-8AR,<\/li>\n<li>opracowywanie regulamin\u00f3w pracy,<\/li>\n<li>opracowywanie regulamin\u00f3w wynagrodze\u0144.<\/li>\n<\/ul>\n<\/li>\n<\/ul>\n<\/div>\n<\/div>\n<\/div>\t\t\t\t\t\t<\/div>\n\t\t\t\t<\/div>\n\t\t\t\t\t<\/div>\n\t\t\t\t<\/div>\n\t\t\t\t<\/div>\n\t\t","protected":false},"excerpt":{"rendered":"<p>Home Obs\u0142uga kadrowo-p\u0142acowa firm obejmuje: prowadzenie obs\u0142ugi kadrowej od przyj\u0119cia do zwolnienia pracownika, prowadzenie obs\u0142ugi p\u0142acowej (sporz\u0105dzanie list p\u0142ac, um\u00f3w zlece\u0144 i o dzie\u0142o itp.), rozliczenia z ZUS ,US i PFRON, doradztwo z zakresu obowi\u0105zk\u00f3w p\u0142atniczych PIT, ZUS PFRON, doradztwo w zakresie optymalnych form zatrudnienia i wynagradzania kadr. Szczeg\u00f3\u0142owe warunki wsp\u00f3\u0142pracy i koszty us\u0142ug ustalane [&hellip;]<\/p>\n","protected":false},"author":1,"featured_media":0,"parent":0,"menu_order":0,"comment_status":"closed","ping_status":"closed","template":"elementor_header_footer","meta":{"footnotes":""},"class_list":["post-452","page","type-page","status-publish","hentry"],"_links":{"self":[{"href":"http:\/\/widmar.pl\/index.php\/wp-json\/wp\/v2\/pages\/452","targetHints":{"allow":["GET"]}}],"collection":[{"href":"http:\/\/widmar.pl\/index.php\/wp-json\/wp\/v2\/pages"}],"about":[{"href":"http:\/\/widmar.pl\/index.php\/wp-json\/wp\/v2\/types\/page"}],"author":[{"embeddable":true,"href":"http:\/\/widmar.pl\/index.php\/wp-json\/wp\/v2\/users\/1"}],"replies":[{"embeddable":true,"href":"http:\/\/widmar.pl\/index.php\/wp-json\/wp\/v2\/comments?post=452"}],"version-history":[{"count":4,"href":"http:\/\/widmar.pl\/index.php\/wp-json\/wp\/v2\/pages\/452\/revisions"}],"predecessor-version":[{"id":456,"href":"http:\/\/widmar.pl\/index.php\/wp-json\/wp\/v2\/pages\/452\/revisions\/456"}],"wp:attachment":[{"href":"http:\/\/widmar.pl\/index.php\/wp-json\/wp\/v2\/media?parent=452"}],"curies":[{"name":"wp","href":"https:\/\/api.w.org\/{rel}","templated":true}]}}