{"id":447,"date":"2024-02-28T13:37:30","date_gmt":"2024-02-28T12:37:30","guid":{"rendered":"http:\/\/widmar.pl\/?page_id=447"},"modified":"2024-02-28T13:38:07","modified_gmt":"2024-02-28T12:38:07","slug":"ksiegowosc","status":"publish","type":"page","link":"http:\/\/widmar.pl\/index.php\/ksiegowosc\/","title":{"rendered":"Ksi\u0119gowo\u015b\u0107"},"content":{"rendered":"\t\t<div data-elementor-type=\"wp-page\" data-elementor-id=\"447\" class=\"elementor elementor-447\" data-elementor-post-type=\"page\">\n\t\t\t\t\t\t<section class=\"elementor-section elementor-top-section elementor-element elementor-element-29ab232 elementor-section-boxed elementor-section-height-default elementor-section-height-default\" data-id=\"29ab232\" data-element_type=\"section\" data-settings=\"{&quot;background_background&quot;:&quot;classic&quot;,&quot;ekit_section_parallax_bg_speed&quot;:&quot;0.7&quot;,&quot;ekit_section_parallax_bg&quot;:&quot;yes&quot;,&quot;ekit_has_onepagescroll_dot&quot;:&quot;yes&quot;}\">\n\t\t\t\t\t\t\t<div class=\"elementor-background-overlay\"><\/div>\n\t\t\t\t\t\t\t<div class=\"elementor-container elementor-column-gap-default\">\n\t\t\t\t\t<div class=\"elementor-column elementor-col-100 elementor-top-column elementor-element elementor-element-8db7b52\" data-id=\"8db7b52\" data-element_type=\"column\">\n\t\t\t<div class=\"elementor-widget-wrap elementor-element-populated\">\n\t\t\t\t\t\t<div class=\"elementor-element elementor-element-a57b15d elementor-widget elementor-widget-elementskit-breadcrumb\" data-id=\"a57b15d\" data-element_type=\"widget\" data-settings=\"{&quot;ekit_we_effect_on&quot;:&quot;none&quot;}\" data-widget_type=\"elementskit-breadcrumb.default\">\n\t\t\t\t<div class=\"elementor-widget-container\">\n\t\t\t<div class=\"ekit-wid-con\" ><ol class=\"ekit-breadcrumb\"><li class=\"ekit_breadcrumbs_start\"><a href=\"http:\/\/widmar.pl\">Home<\/a><\/li><\/ol><\/div>\t\t<\/div>\n\t\t\t\t<\/div>\n\t\t\t\t\t<\/div>\n\t\t<\/div>\n\t\t\t\t\t<\/div>\n\t\t<\/section>\n\t\t<div class=\"elementor-element elementor-element-7fc4f56 e-flex e-con-boxed e-con e-parent\" data-id=\"7fc4f56\" data-element_type=\"container\" data-settings=\"{&quot;content_width&quot;:&quot;boxed&quot;,&quot;ekit_has_onepagescroll_dot&quot;:&quot;yes&quot;}\" data-core-v316-plus=\"true\">\n\t\t\t\t\t<div class=\"e-con-inner\">\n\t\t\t\t<div class=\"elementor-element elementor-element-ca139db elementor-widget elementor-widget-text-editor\" data-id=\"ca139db\" data-element_type=\"widget\" data-settings=\"{&quot;ekit_we_effect_on&quot;:&quot;none&quot;}\" data-widget_type=\"text-editor.default\">\n\t\t\t\t<div class=\"elementor-widget-container\">\n\t\t\t<style>\/*! elementor - v3.19.0 - 26-02-2024 *\/\n.elementor-widget-text-editor.elementor-drop-cap-view-stacked .elementor-drop-cap{background-color:#69727d;color:#fff}.elementor-widget-text-editor.elementor-drop-cap-view-framed .elementor-drop-cap{color:#69727d;border:3px solid;background-color:transparent}.elementor-widget-text-editor:not(.elementor-drop-cap-view-default) .elementor-drop-cap{margin-top:8px}.elementor-widget-text-editor:not(.elementor-drop-cap-view-default) .elementor-drop-cap-letter{width:1em;height:1em}.elementor-widget-text-editor .elementor-drop-cap{float:left;text-align:center;line-height:1;font-size:50px}.elementor-widget-text-editor .elementor-drop-cap-letter{display:inline-block}<\/style>\t\t\t\t<div id=\"content\"><div id=\"content2\"><div class=\"item-page\"><p><strong>W zakresie us\u0142ug ksi\u0119gowych oferujemy m.in.:<\/strong><\/p><ul class=\"w_tresci\"><li>prowadzenie ksi\u0119gowo\u015bci w formie ksi\u0105g rachunkowych, ksi\u0105\u017cki przychod\u00f3w i rozchod\u00f3w oraz ewidencji podatkowych dla cel\u00f3w zrycza\u0142towanego podatku dochodowego,\u00a0<\/li><li>prowadzenie ewidencji podatkowych VAT,\u00a0<\/li><li>sporz\u0105dzanie sprawozda\u0144 finansowych (bilans, rachunek zysk\u00f3w i strat, przep\u0142ywy \u015brodk\u00f3w pieni\u0119\u017cnych, informacja dodatkowa),\u00a0<\/li><li>sporz\u0105dzanie sprawozda\u0144 statystycznych,\u00a0<\/li><li>gwarantujemy obs\u0142ug\u0119 ksi\u0119gow\u0105 firmy przez jedn\u0105 przydzielon\u0105 ksi\u0119gow\u0105.\u00a0<\/li><\/ul><p>Zakres us\u0142ug:<\/p><ul class=\"w_tresci\"><li><strong>Ksi\u0119gi rachunkowe:\u00a0<\/strong><ul><li>Opracowanie i wdro\u017cenie zak\u0142adowego planu kont,<\/li><li>Rejestracja dokument\u00f3w ksi\u0119gowych w ksi\u0119gach (dekretacja, ewidencja syntetyczno-analityczna, wprowadzenie danych),<\/li><li>Prowadzenie wt\u00f3rnej kontroli formalno-rachunkowej dokument\u00f3w przyj\u0119tych do ksi\u0119gowania,<\/li><li>Wydruk ksi\u0105g, rejestr\u00f3w VAT i zestawie\u0144,<\/li><li>Prowadzenie ewidencji \u015brodk\u00f3w trwa\u0142ych, warto\u015bci niematerialnych i prawnych, wyposa\u017cenia,<\/li><li>Obliczanie zaliczek na podatek dochodowy i VAT,<\/li><li>Przygotowanie i sk\u0142adanie w\u0142a\u015bciwych deklaracji podatkowych,<\/li><li>Us\u0142uga rozlicze\u0144 w\u0142a\u015bcicieli i os\u00f3b wsp\u00f3\u0142pracuj\u0105cych z ZUS (sporz\u0105dzanie deklaracji, naliczanie sk\u0142adek,\u00a0przekaz elektroniczny do ZUS),<\/li><li>Przygotowanie przelew\u00f3w do ZUS i US,<\/li><li>Sporz\u0105dzanie aktualizacji zg\u0142osze\u0144 (NIP),<\/li><li>Sprawozdania do GUS,<\/li><li>Reprezentacja klienta podczas kontroli US i ZUS.<\/li><\/ul><\/li><li><strong>Ksi\u0119gi przychod\u00f3w i rozchod\u00f3w:<\/strong><ul><li>Rejestracja dokument\u00f3w ksi\u0119gowych do ksi\u0105\u017cki przychod\u00f3w i rozchod\u00f3w,<\/li><li>Prowadzenie ewidencji dla cel\u00f3w podatku od towar\u00f3w i us\u0142ug (VAT),<\/li><li>Wydruk ksi\u0105g, rejestr\u00f3w VAT i zestawie\u0144,<\/li><li>Prowadzenie ewidencji \u015brodk\u00f3w trwa\u0142ych, warto\u015bci niematerialnych i prawnych, wyposa\u017cenia,<\/li><li>Obliczanie zaliczek na podatek dochodowy i VAT,<\/li><li>Przygotowanie i sk\u0142adanie w\u0142a\u015bciwych deklaracji podatkowych,<\/li><li>Us\u0142uga rozlicze\u0144 w\u0142a\u015bcicieli i os\u00f3b wsp\u00f3\u0142pracuj\u0105cych z ZUS (naliczanie sk\u0142adek, sporz\u0105dzanie deklaracji, przekaz elektroniczny do ZUS),<\/li><li>Przygotowanie przelew\u00f3w do ZUS i US,<\/li><li>Sporz\u0105dzanie aktualizacji zg\u0142osze\u0144 (NIP),<\/li><li>Sprawozdania do GUS,<\/li><li>Reprezentacja klienta podczas kontroli US i ZUS.<\/li><\/ul><\/li><\/ul><\/div><\/div><\/div>\t\t\t\t\t\t<\/div>\n\t\t\t\t<\/div>\n\t\t\t\t\t<\/div>\n\t\t\t\t<\/div>\n\t\t\t\t<\/div>\n\t\t","protected":false},"excerpt":{"rendered":"<p>Home W zakresie us\u0142ug ksi\u0119gowych oferujemy m.in.: prowadzenie ksi\u0119gowo\u015bci w formie ksi\u0105g rachunkowych, ksi\u0105\u017cki przychod\u00f3w i rozchod\u00f3w oraz ewidencji podatkowych dla cel\u00f3w zrycza\u0142towanego podatku dochodowego, prowadzenie ewidencji podatkowych VAT, sporz\u0105dzanie sprawozda\u0144 finansowych (bilans, rachunek zysk\u00f3w i strat, przep\u0142ywy \u015brodk\u00f3w pieni\u0119\u017cnych, informacja dodatkowa), sporz\u0105dzanie sprawozda\u0144 statystycznych, gwarantujemy obs\u0142ug\u0119 ksi\u0119gow\u0105 firmy przez jedn\u0105 przydzielon\u0105 ksi\u0119gow\u0105. Zakres us\u0142ug: [&hellip;]<\/p>\n","protected":false},"author":1,"featured_media":0,"parent":0,"menu_order":0,"comment_status":"closed","ping_status":"closed","template":"elementor_header_footer","meta":{"footnotes":""},"class_list":["post-447","page","type-page","status-publish","hentry"],"_links":{"self":[{"href":"http:\/\/widmar.pl\/index.php\/wp-json\/wp\/v2\/pages\/447","targetHints":{"allow":["GET"]}}],"collection":[{"href":"http:\/\/widmar.pl\/index.php\/wp-json\/wp\/v2\/pages"}],"about":[{"href":"http:\/\/widmar.pl\/index.php\/wp-json\/wp\/v2\/types\/page"}],"author":[{"embeddable":true,"href":"http:\/\/widmar.pl\/index.php\/wp-json\/wp\/v2\/users\/1"}],"replies":[{"embeddable":true,"href":"http:\/\/widmar.pl\/index.php\/wp-json\/wp\/v2\/comments?post=447"}],"version-history":[{"count":4,"href":"http:\/\/widmar.pl\/index.php\/wp-json\/wp\/v2\/pages\/447\/revisions"}],"predecessor-version":[{"id":451,"href":"http:\/\/widmar.pl\/index.php\/wp-json\/wp\/v2\/pages\/447\/revisions\/451"}],"wp:attachment":[{"href":"http:\/\/widmar.pl\/index.php\/wp-json\/wp\/v2\/media?parent=447"}],"curies":[{"name":"wp","href":"https:\/\/api.w.org\/{rel}","templated":true}]}}