{"id":439,"date":"2024-02-28T13:35:38","date_gmt":"2024-02-28T12:35:38","guid":{"rendered":"http:\/\/widmar.pl\/?page_id=439"},"modified":"2024-02-28T13:37:09","modified_gmt":"2024-02-28T12:37:09","slug":"doradztwo-podatkowe","status":"publish","type":"page","link":"http:\/\/widmar.pl\/index.php\/doradztwo-podatkowe\/","title":{"rendered":"Doradztwo podatkowe"},"content":{"rendered":"\t\t<div data-elementor-type=\"wp-page\" data-elementor-id=\"439\" class=\"elementor elementor-439\" data-elementor-post-type=\"page\">\n\t\t\t\t\t\t<section class=\"elementor-section elementor-top-section elementor-element elementor-element-3a041cc elementor-section-boxed elementor-section-height-default elementor-section-height-default\" data-id=\"3a041cc\" data-element_type=\"section\" data-settings=\"{&quot;background_background&quot;:&quot;classic&quot;,&quot;ekit_section_parallax_bg_speed&quot;:&quot;0.7&quot;,&quot;ekit_section_parallax_bg&quot;:&quot;yes&quot;,&quot;ekit_has_onepagescroll_dot&quot;:&quot;yes&quot;}\">\n\t\t\t\t\t\t\t<div class=\"elementor-background-overlay\"><\/div>\n\t\t\t\t\t\t\t<div class=\"elementor-container elementor-column-gap-default\">\n\t\t\t\t\t<div class=\"elementor-column elementor-col-100 elementor-top-column elementor-element elementor-element-608c9ee\" data-id=\"608c9ee\" data-element_type=\"column\">\n\t\t\t<div class=\"elementor-widget-wrap elementor-element-populated\">\n\t\t\t\t\t\t<div class=\"elementor-element elementor-element-7e690cd elementor-widget elementor-widget-elementskit-breadcrumb\" data-id=\"7e690cd\" data-element_type=\"widget\" data-settings=\"{&quot;ekit_we_effect_on&quot;:&quot;none&quot;}\" data-widget_type=\"elementskit-breadcrumb.default\">\n\t\t\t\t<div class=\"elementor-widget-container\">\n\t\t\t<div class=\"ekit-wid-con\" ><ol class=\"ekit-breadcrumb\"><li class=\"ekit_breadcrumbs_start\"><a href=\"http:\/\/widmar.pl\">Home<\/a><\/li><\/ol><\/div>\t\t<\/div>\n\t\t\t\t<\/div>\n\t\t\t\t\t<\/div>\n\t\t<\/div>\n\t\t\t\t\t<\/div>\n\t\t<\/section>\n\t\t<div class=\"elementor-element elementor-element-3292b01 e-flex e-con-boxed e-con e-parent\" data-id=\"3292b01\" data-element_type=\"container\" data-settings=\"{&quot;content_width&quot;:&quot;boxed&quot;,&quot;ekit_has_onepagescroll_dot&quot;:&quot;yes&quot;}\" data-core-v316-plus=\"true\">\n\t\t\t\t\t<div class=\"e-con-inner\">\n\t\t\t\t<div class=\"elementor-element elementor-element-fba6451 elementor-widget elementor-widget-text-editor\" data-id=\"fba6451\" data-element_type=\"widget\" data-settings=\"{&quot;ekit_we_effect_on&quot;:&quot;none&quot;}\" data-widget_type=\"text-editor.default\">\n\t\t\t\t<div class=\"elementor-widget-container\">\n\t\t\t<style>\/*! elementor - v3.19.0 - 26-02-2024 *\/\n.elementor-widget-text-editor.elementor-drop-cap-view-stacked .elementor-drop-cap{background-color:#69727d;color:#fff}.elementor-widget-text-editor.elementor-drop-cap-view-framed .elementor-drop-cap{color:#69727d;border:3px solid;background-color:transparent}.elementor-widget-text-editor:not(.elementor-drop-cap-view-default) .elementor-drop-cap{margin-top:8px}.elementor-widget-text-editor:not(.elementor-drop-cap-view-default) .elementor-drop-cap-letter{width:1em;height:1em}.elementor-widget-text-editor .elementor-drop-cap{float:left;text-align:center;line-height:1;font-size:50px}.elementor-widget-text-editor .elementor-drop-cap-letter{display:inline-block}<\/style>\t\t\t\t<p>Oferujemy kompleksowe doradztwo podatkowe dla firm obejmuj\u0105ce wszelkie aspekty prowadzenia dzia\u0142alno\u015bci gospodarczej, konsultacje z zakresu optymalizacji obci\u0105\u017ce\u0144 podatkowych (oszcz\u0119dno\u015bci podatkowe), identyfikacja ewentualnych problem\u00f3w podatkowych oraz dzia\u0142ania zmierzaj\u0105ce do zmniejszenia ryzyka kwestionowania rozwi\u0105za\u0144 podatkowych przez instytucje skarbowe.\u00a0<\/p><p>Dla os\u00f3b zamierzaj\u0105cych za\u0142o\u017cy\u0107 dzia\u0142alno\u015b\u0107 gospodarcz\u0105 oferujemy doradztwo i pomoc w szczeg\u00f3lno\u015bci w wyborze formy prawnej dzia\u0142alno\u015bci, form opodatkowania czy form prowadzonej ksi\u0119gowo\u015bci.<\/p><p>Uczestniczymy w post\u0119powaniach kontrolnych prowadzonych przez r\u00f3\u017cne instytucje skarbowe, pomagamy w przygotowaniu stosownego materia\u0142u dowodowego, wyja\u015bnie\u0144, wniosk\u00f3w oraz odwo\u0142a\u0144.<\/p><p>Zakres us\u0142ug:\u00a0<\/p><ul class=\"w_tresci\"><li><strong>Doradztwo podatkowe:<\/strong><\/li><\/ul><ul class=\"w_tresci\"><li style=\"list-style-type: none;\"><ul><li>udzielanie podatnikom, p\u0142atnikom i inkasentom, na ich zlecenie lub na ich rzecz, porad, opinii i wyja\u015bnie\u0144 z zakresu ich obowi\u0105zk\u00f3w podatkowych,<\/li><li>przygotowywanie wyst\u0105pie\u0144 i prowadzenie spraw o wydanie interpretacji podatkowych, \u00a0 \u00a0<\/li><li>sporz\u0105dzanie deklaracji podatkowych,<\/li><li>doradztwo w zakresie PIT, CIT, VAT, PCC, SD, podatku od nieruchomo\u015bci itp.<\/li><li>dokonywanie przegl\u0105d\u00f3w ksi\u0105g rachunkowych pod k\u0105tem przestrzegania przepis\u00f3w podatkowych<\/li><li>doradztwo w zakresie planowania podatkowego i optymalizacji obci\u0105\u017ce\u0144 podatkowych,<\/li><li>konstruowanie i analiza um\u00f3w pod k\u0105tem uwarunkowa\u0144 podatkowych,<\/li><li>audyt podatkowy \u2013 okre\u015blenie i usuni\u0119cie skutk\u00f3w b\u0142\u0119dnych dzia\u0142a\u0144 w celu minimalizacji ich negatywnego finansowego oddzia\u0142ywania, oraz wprowadzenie rozwi\u0105za\u0144 zmierzaj\u0105cych do unikni\u0119cia b\u0142\u0119d\u00f3w w rozliczeniach podatkowych.\u00a0<\/li><\/ul><\/li><\/ul><ul class=\"w_tresci\"><li><strong>Post\u0119powanie podatkowe:<\/strong><\/li><\/ul><ul class=\"w_tresci\"><li style=\"list-style-type: none;\"><ul><li>reprezentowanie podczas kontroli podatkowej,<\/li><li>reprezentowanie klienta w trakcie post\u0119powania podatkowego przed organami \u00a0podatkowymi ( US,UC, IS, UKS, IC ),<\/li><li>reprezentowanie przed s\u0105dami administracyjnymi ( WSA i NSA ) \u00a0i w egzekucji,<\/li><li>sporz\u0105dzanie wyja\u015bnie\u0144, odwo\u0142a\u0144, za\u017cale\u0144, wniosk\u00f3w \u00a0i skarg w post\u0119powanu administracyjnym i egzekucyjnym,<\/li><li>uczestnictwo w czasie czynno\u015bciach kontrolnych dokonywanych u podatnika przez organy podatkowe i skarbowe.\u00a0<\/li><\/ul><\/li><\/ul><ul class=\"w_tresci\"><li><strong>Asysta przy rozpocz\u0119ciu i prowadzeniu przedsi\u0119biorstwa:<\/strong><\/li><\/ul><ul class=\"w_tresci\"><li style=\"list-style-type: none;\"><ul><li>pomoc w wyborze odpowiedniej formy prawnej dzia\u0142alno\u015bci gospodarczej,<\/li><li>pomoc w wyborze sposobu opodatkowania wykonywanej dzia\u0142alno\u015bci,<\/li><li>pomoc w rejestracji dzia\u0142alno\u015bci gospodarczej ( przygotowywanie wniosk\u00f3w o wpis CEIDG, KRS),<\/li><li>rejestracja w Zak\u0142adzie Ubezpiecze\u0144 Spo\u0142ecznych i zg\u0142oszenia w innych instytucjach (PIP, PFRON,UM,UG itp),<\/li><li>reprezentowanie podczas kontroli podatkowych,<\/li><li>rejestracja podmiot\u00f3w zagranicznych do cel\u00f3w VAT,<\/li><li>pomoc \u00a0przy wyja\u015bnianiu bie\u017c\u0105cych zagadnie\u0144 podatkowych.<\/li><\/ul><\/li><\/ul><ul class=\"w_tresci\"><li><strong>Pomoc przy przekszta\u0142ceniu lub likwidacji przedsi\u0119biorstwa:<\/strong><\/li><\/ul><ul class=\"w_tresci\"><li style=\"list-style-type: none;\"><ul><li>analiza skutk\u00f3w przekszta\u0142cenia lub likwidacji,<\/li><li>przeprowadzenie przekszta\u0142cenia lub likwidacji,<\/li><li>przygotowanie niezb\u0119dnych dokument\u00f3w zwi\u0105zanych z przekszta\u0142ceniem lub likwidacj\u0105 dzia\u0142alno\u015bci gospodarczej.\u00a0<\/li><\/ul><\/li><\/ul>\t\t\t\t\t\t<\/div>\n\t\t\t\t<\/div>\n\t\t\t\t\t<\/div>\n\t\t\t\t<\/div>\n\t\t\t\t<\/div>\n\t\t","protected":false},"excerpt":{"rendered":"<p>Home Oferujemy kompleksowe doradztwo podatkowe dla firm obejmuj\u0105ce wszelkie aspekty prowadzenia dzia\u0142alno\u015bci gospodarczej, konsultacje z zakresu optymalizacji obci\u0105\u017ce\u0144 podatkowych (oszcz\u0119dno\u015bci podatkowe), identyfikacja ewentualnych problem\u00f3w podatkowych oraz dzia\u0142ania zmierzaj\u0105ce do zmniejszenia ryzyka kwestionowania rozwi\u0105za\u0144 podatkowych przez instytucje skarbowe. Dla os\u00f3b zamierzaj\u0105cych za\u0142o\u017cy\u0107 dzia\u0142alno\u015b\u0107 gospodarcz\u0105 oferujemy doradztwo i pomoc w szczeg\u00f3lno\u015bci w wyborze formy prawnej dzia\u0142alno\u015bci, form [&hellip;]<\/p>\n","protected":false},"author":1,"featured_media":0,"parent":0,"menu_order":0,"comment_status":"closed","ping_status":"closed","template":"elementor_header_footer","meta":{"footnotes":""},"class_list":["post-439","page","type-page","status-publish","hentry"],"_links":{"self":[{"href":"http:\/\/widmar.pl\/index.php\/wp-json\/wp\/v2\/pages\/439","targetHints":{"allow":["GET"]}}],"collection":[{"href":"http:\/\/widmar.pl\/index.php\/wp-json\/wp\/v2\/pages"}],"about":[{"href":"http:\/\/widmar.pl\/index.php\/wp-json\/wp\/v2\/types\/page"}],"author":[{"embeddable":true,"href":"http:\/\/widmar.pl\/index.php\/wp-json\/wp\/v2\/users\/1"}],"replies":[{"embeddable":true,"href":"http:\/\/widmar.pl\/index.php\/wp-json\/wp\/v2\/comments?post=439"}],"version-history":[{"count":7,"href":"http:\/\/widmar.pl\/index.php\/wp-json\/wp\/v2\/pages\/439\/revisions"}],"predecessor-version":[{"id":446,"href":"http:\/\/widmar.pl\/index.php\/wp-json\/wp\/v2\/pages\/439\/revisions\/446"}],"wp:attachment":[{"href":"http:\/\/widmar.pl\/index.php\/wp-json\/wp\/v2\/media?parent=439"}],"curies":[{"name":"wp","href":"https:\/\/api.w.org\/{rel}","templated":true}]}}