{"id":154,"date":"2024-02-27T16:04:51","date_gmt":"2024-02-27T15:04:51","guid":{"rendered":"http:\/\/widmar.pl\/?page_id=154"},"modified":"2024-02-28T13:44:17","modified_gmt":"2024-02-28T12:44:17","slug":"oferta","status":"publish","type":"page","link":"http:\/\/widmar.pl\/index.php\/oferta\/","title":{"rendered":"Oferta"},"content":{"rendered":"\t\t<div data-elementor-type=\"wp-page\" data-elementor-id=\"154\" class=\"elementor elementor-154\" data-elementor-post-type=\"page\">\n\t\t\t\t\t\t<section class=\"elementor-section elementor-top-section elementor-element elementor-element-39768ea9 elementor-section-boxed elementor-section-height-default elementor-section-height-default\" data-id=\"39768ea9\" data-element_type=\"section\" data-settings=\"{&quot;background_background&quot;:&quot;classic&quot;,&quot;ekit_section_parallax_bg_speed&quot;:&quot;0.7&quot;,&quot;ekit_section_parallax_bg&quot;:&quot;yes&quot;,&quot;ekit_has_onepagescroll_dot&quot;:&quot;yes&quot;}\">\n\t\t\t\t\t\t\t<div class=\"elementor-background-overlay\"><\/div>\n\t\t\t\t\t\t\t<div class=\"elementor-container elementor-column-gap-default\">\n\t\t\t\t\t<div class=\"elementor-column elementor-col-100 elementor-top-column elementor-element elementor-element-33b4d9be\" data-id=\"33b4d9be\" data-element_type=\"column\">\n\t\t\t<div class=\"elementor-widget-wrap elementor-element-populated\">\n\t\t\t\t\t\t<div class=\"elementor-element elementor-element-2bc8ea3 elementor-widget elementor-widget-elementskit-breadcrumb\" data-id=\"2bc8ea3\" data-element_type=\"widget\" data-settings=\"{&quot;ekit_we_effect_on&quot;:&quot;none&quot;}\" data-widget_type=\"elementskit-breadcrumb.default\">\n\t\t\t\t<div class=\"elementor-widget-container\">\n\t\t\t<div class=\"ekit-wid-con\" ><ol class=\"ekit-breadcrumb\"><li class=\"ekit_breadcrumbs_start\"><a href=\"http:\/\/widmar.pl\">Home<\/a><\/li><\/ol><\/div>\t\t<\/div>\n\t\t\t\t<\/div>\n\t\t\t\t\t<\/div>\n\t\t<\/div>\n\t\t\t\t\t<\/div>\n\t\t<\/section>\n\t\t\t\t<section class=\"elementor-section elementor-top-section elementor-element elementor-element-5a488a79 elementor-section-boxed elementor-section-height-default elementor-section-height-default\" data-id=\"5a488a79\" data-element_type=\"section\" data-settings=\"{&quot;ekit_has_onepagescroll_dot&quot;:&quot;yes&quot;}\">\n\t\t\t\t\t\t<div class=\"elementor-container elementor-column-gap-default\">\n\t\t\t\t\t<div class=\"elementor-column elementor-col-100 elementor-top-column elementor-element elementor-element-7c6dc737\" data-id=\"7c6dc737\" data-element_type=\"column\">\n\t\t\t<div class=\"elementor-widget-wrap elementor-element-populated\">\n\t\t\t\t\t\t<section class=\"elementor-section elementor-inner-section elementor-element elementor-element-1dd5db92 elementor-section-full_width elementor-section-height-default elementor-section-height-default\" data-id=\"1dd5db92\" data-element_type=\"section\" data-settings=\"{&quot;ekit_has_onepagescroll_dot&quot;:&quot;yes&quot;}\">\n\t\t\t\t\t\t<div class=\"elementor-container elementor-column-gap-no\">\n\t\t\t\t\t<div class=\"elementor-column elementor-col-100 elementor-inner-column elementor-element elementor-element-be6774f\" data-id=\"be6774f\" data-element_type=\"column\">\n\t\t\t<div class=\"elementor-widget-wrap elementor-element-populated\">\n\t\t\t\t\t\t<div class=\"elementor-element elementor-element-9fec2c2 elementor-widget elementor-widget-heading\" data-id=\"9fec2c2\" data-element_type=\"widget\" data-settings=\"{&quot;ekit_we_effect_on&quot;:&quot;none&quot;}\" data-widget_type=\"heading.default\">\n\t\t\t\t<div class=\"elementor-widget-container\">\n\t\t\t<style>\/*! elementor - v3.19.0 - 26-02-2024 *\/\n.elementor-heading-title{padding:0;margin:0;line-height:1}.elementor-widget-heading .elementor-heading-title[class*=elementor-size-]>a{color:inherit;font-size:inherit;line-height:inherit}.elementor-widget-heading .elementor-heading-title.elementor-size-small{font-size:15px}.elementor-widget-heading .elementor-heading-title.elementor-size-medium{font-size:19px}.elementor-widget-heading .elementor-heading-title.elementor-size-large{font-size:29px}.elementor-widget-heading .elementor-heading-title.elementor-size-xl{font-size:39px}.elementor-widget-heading .elementor-heading-title.elementor-size-xxl{font-size:59px}<\/style><h2 class=\"elementor-heading-title elementor-size-default\">Dla firm <\/h2>\t\t<\/div>\n\t\t\t\t<\/div>\n\t\t\t\t\t<\/div>\n\t\t<\/div>\n\t\t\t\t\t<\/div>\n\t\t<\/section>\n\t\t\t\t<section class=\"elementor-section elementor-inner-section elementor-element elementor-element-8d30e57 elementor-section-full_width elementor-section-height-default elementor-section-height-default\" data-id=\"8d30e57\" data-element_type=\"section\" data-settings=\"{&quot;ekit_has_onepagescroll_dot&quot;:&quot;yes&quot;}\">\n\t\t\t\t\t\t<div class=\"elementor-container elementor-column-gap-no\">\n\t\t\t\t\t<div class=\"elementor-column elementor-col-33 elementor-inner-column elementor-element elementor-element-0a761b9\" data-id=\"0a761b9\" data-element_type=\"column\">\n\t\t\t<div class=\"elementor-widget-wrap elementor-element-populated\">\n\t\t\t\t\t\t<div class=\"elementor-element elementor-element-8c4dc21 ekit-equal-height-disable elementor-widget elementor-widget-elementskit-image-box\" data-id=\"8c4dc21\" data-element_type=\"widget\" data-settings=\"{&quot;ekit_we_effect_on&quot;:&quot;none&quot;}\" data-widget_type=\"elementskit-image-box.default\">\n\t\t\t\t<div class=\"elementor-widget-container\">\n\t\t\t<div class=\"ekit-wid-con\" >\n            <div class=\"elementskit-info-image-box ekit-image-box text-left simple-card\" >\n\n                \n                <div class=\"elementskit-box-header image-box-img-left\">\n\n                    <img fetchpriority=\"high\" decoding=\"async\" width=\"700\" height=\"520\" src=\"http:\/\/widmar.pl\/wp-content\/uploads\/2024\/02\/1.png\" class=\"attachment-full size-full wp-image-429\" alt=\"\" srcset=\"http:\/\/widmar.pl\/wp-content\/uploads\/2024\/02\/1.png 700w, http:\/\/widmar.pl\/wp-content\/uploads\/2024\/02\/1-300x223.png 300w\" sizes=\"(max-width: 700px) 100vw, 700px\" \/>\n                <\/div>\n                \n                <div class=\"elementskit-box-body ekit-image-box-body\">\n                    <div class=\"elementskit-box-content ekit-image-box-body-inner\">\n                                                <h3 class=\"elementskit-info-box-title\">\n\n                        Doradztwo podatkowe\n                        \n                    <\/h3>\n                                                        <\/div>\n\n                                <div class=\"elementskit-box-footer\">\n                    <div class=\"box-footer\">\n                        <div class=\"btn-wraper\">\n                                                            <a href=\"http:\/\/widmar.pl\/index.php\/doradztwo-podatkowe\/\" class=\"elementskit-btn whitespace--normal\">\n                                    Czytaj wi\u0119cej                                <\/a>\n                                                    <\/div>\n                    <\/div>\n                <\/div>\n                            <\/div>\n            <\/div>\n    <\/div>\t\t<\/div>\n\t\t\t\t<\/div>\n\t\t\t\t\t<\/div>\n\t\t<\/div>\n\t\t\t\t<div class=\"elementor-column elementor-col-33 elementor-inner-column elementor-element elementor-element-671f3bc\" data-id=\"671f3bc\" data-element_type=\"column\">\n\t\t\t<div class=\"elementor-widget-wrap elementor-element-populated\">\n\t\t\t\t\t\t<div class=\"elementor-element elementor-element-eaf02c0 ekit-equal-height-disable elementor-widget elementor-widget-elementskit-image-box\" data-id=\"eaf02c0\" data-element_type=\"widget\" data-settings=\"{&quot;ekit_we_effect_on&quot;:&quot;none&quot;}\" data-widget_type=\"elementskit-image-box.default\">\n\t\t\t\t<div class=\"elementor-widget-container\">\n\t\t\t<div class=\"ekit-wid-con\" >\n            <div class=\"elementskit-info-image-box ekit-image-box text-left simple-card\" >\n\n                \n                <div class=\"elementskit-box-header image-box-img-left\">\n\n                    <img decoding=\"async\" width=\"700\" height=\"520\" src=\"http:\/\/widmar.pl\/wp-content\/uploads\/2024\/02\/2.png\" class=\"attachment-full size-full wp-image-430\" alt=\"\" srcset=\"http:\/\/widmar.pl\/wp-content\/uploads\/2024\/02\/2.png 700w, http:\/\/widmar.pl\/wp-content\/uploads\/2024\/02\/2-300x223.png 300w\" sizes=\"(max-width: 700px) 100vw, 700px\" \/>\n                <\/div>\n                \n                <div class=\"elementskit-box-body ekit-image-box-body\">\n                    <div class=\"elementskit-box-content ekit-image-box-body-inner\">\n                                                <h3 class=\"elementskit-info-box-title\">\n\n                        Ksi\u0119gowo\u015b\u0107\n                        \n                    <\/h3>\n                                                        <\/div>\n\n                                <div class=\"elementskit-box-footer\">\n                    <div class=\"box-footer\">\n                        <div class=\"btn-wraper\">\n                                                            <a href=\"http:\/\/widmar.pl\/index.php\/ksiegowosc\/\" class=\"elementskit-btn whitespace--normal\">\n                                    Czytaj wi\u0119cej                                <\/a>\n                                                    <\/div>\n                    <\/div>\n                <\/div>\n                            <\/div>\n            <\/div>\n    <\/div>\t\t<\/div>\n\t\t\t\t<\/div>\n\t\t\t\t\t<\/div>\n\t\t<\/div>\n\t\t\t\t<div class=\"elementor-column elementor-col-33 elementor-inner-column elementor-element elementor-element-c380d69\" data-id=\"c380d69\" data-element_type=\"column\">\n\t\t\t<div class=\"elementor-widget-wrap elementor-element-populated\">\n\t\t\t\t\t\t<div class=\"elementor-element elementor-element-513bd6f ekit-equal-height-disable elementor-widget elementor-widget-elementskit-image-box\" data-id=\"513bd6f\" data-element_type=\"widget\" data-settings=\"{&quot;ekit_we_effect_on&quot;:&quot;none&quot;}\" data-widget_type=\"elementskit-image-box.default\">\n\t\t\t\t<div class=\"elementor-widget-container\">\n\t\t\t<div class=\"ekit-wid-con\" >\n            <div class=\"elementskit-info-image-box ekit-image-box text-left simple-card\" >\n\n                \n                <div class=\"elementskit-box-header image-box-img-left\">\n\n                    <img decoding=\"async\" width=\"700\" height=\"520\" src=\"http:\/\/widmar.pl\/wp-content\/uploads\/2024\/02\/3.png\" class=\"attachment-full size-full wp-image-431\" alt=\"\" srcset=\"http:\/\/widmar.pl\/wp-content\/uploads\/2024\/02\/3.png 700w, http:\/\/widmar.pl\/wp-content\/uploads\/2024\/02\/3-300x223.png 300w\" sizes=\"(max-width: 700px) 100vw, 700px\" \/>\n                <\/div>\n                \n                <div class=\"elementskit-box-body ekit-image-box-body\">\n                    <div class=\"elementskit-box-content ekit-image-box-body-inner\">\n                                                <h3 class=\"elementskit-info-box-title\">\n\n                        Kadry i p\u0142ace\n                        \n                    <\/h3>\n                                                        <\/div>\n\n                                <div class=\"elementskit-box-footer\">\n                    <div class=\"box-footer\">\n                        <div class=\"btn-wraper\">\n                                                            <a href=\"http:\/\/widmar.pl\/index.php\/kadry-i-place\/\" class=\"elementskit-btn whitespace--normal\">\n                                    Czytaj wi\u0119cej                                <\/a>\n                                                    <\/div>\n                    <\/div>\n                <\/div>\n                            <\/div>\n            <\/div>\n    <\/div>\t\t<\/div>\n\t\t\t\t<\/div>\n\t\t\t\t\t<\/div>\n\t\t<\/div>\n\t\t\t\t\t<\/div>\n\t\t<\/section>\n\t\t\t\t<section class=\"elementor-section elementor-inner-section elementor-element elementor-element-c0233a7 elementor-section-boxed elementor-section-height-default elementor-section-height-default\" data-id=\"c0233a7\" data-element_type=\"section\" data-settings=\"{&quot;ekit_has_onepagescroll_dot&quot;:&quot;yes&quot;}\">\n\t\t\t\t\t\t<div class=\"elementor-container elementor-column-gap-default\">\n\t\t\t\t\t<div class=\"elementor-column elementor-col-50 elementor-inner-column elementor-element elementor-element-4c65e0f\" data-id=\"4c65e0f\" data-element_type=\"column\">\n\t\t\t<div class=\"elementor-widget-wrap elementor-element-populated\">\n\t\t\t\t\t\t<div class=\"elementor-element elementor-element-df01d4a elementor-widget elementor-widget-image\" data-id=\"df01d4a\" data-element_type=\"widget\" data-settings=\"{&quot;ekit_we_effect_on&quot;:&quot;none&quot;}\" data-widget_type=\"image.default\">\n\t\t\t\t<div class=\"elementor-widget-container\">\n\t\t\t<style>\/*! elementor - v3.19.0 - 26-02-2024 *\/\n.elementor-widget-image{text-align:center}.elementor-widget-image a{display:inline-block}.elementor-widget-image a img[src$=\".svg\"]{width:48px}.elementor-widget-image img{vertical-align:middle;display:inline-block}<\/style>\t\t\t\t\t\t\t\t\t\t<img loading=\"lazy\" decoding=\"async\" width=\"600\" height=\"800\" src=\"http:\/\/widmar.pl\/wp-content\/uploads\/2024\/02\/Projekt-bez-nazwy-4-1.png\" class=\"attachment-full size-full wp-image-435\" alt=\"\" srcset=\"http:\/\/widmar.pl\/wp-content\/uploads\/2024\/02\/Projekt-bez-nazwy-4-1.png 600w, http:\/\/widmar.pl\/wp-content\/uploads\/2024\/02\/Projekt-bez-nazwy-4-1-225x300.png 225w\" sizes=\"(max-width: 600px) 100vw, 600px\" \/>\t\t\t\t\t\t\t\t\t\t\t\t\t<\/div>\n\t\t\t\t<\/div>\n\t\t\t\t\t<\/div>\n\t\t<\/div>\n\t\t\t\t<div class=\"elementor-column elementor-col-50 elementor-inner-column elementor-element elementor-element-e520830\" data-id=\"e520830\" data-element_type=\"column\">\n\t\t\t<div class=\"elementor-widget-wrap elementor-element-populated\">\n\t\t\t\t\t\t<div class=\"elementor-element elementor-element-4d22168 elementor-widget elementor-widget-text-editor\" data-id=\"4d22168\" data-element_type=\"widget\" data-settings=\"{&quot;ekit_we_effect_on&quot;:&quot;none&quot;}\" data-widget_type=\"text-editor.default\">\n\t\t\t\t<div class=\"elementor-widget-container\">\n\t\t\t<style>\/*! elementor - v3.19.0 - 26-02-2024 *\/\n.elementor-widget-text-editor.elementor-drop-cap-view-stacked .elementor-drop-cap{background-color:#69727d;color:#fff}.elementor-widget-text-editor.elementor-drop-cap-view-framed .elementor-drop-cap{color:#69727d;border:3px solid;background-color:transparent}.elementor-widget-text-editor:not(.elementor-drop-cap-view-default) .elementor-drop-cap{margin-top:8px}.elementor-widget-text-editor:not(.elementor-drop-cap-view-default) .elementor-drop-cap-letter{width:1em;height:1em}.elementor-widget-text-editor .elementor-drop-cap{float:left;text-align:center;line-height:1;font-size:50px}.elementor-widget-text-editor .elementor-drop-cap-letter{display:inline-block}<\/style>\t\t\t\t<h2>Klienci indywidualni<\/h2><p><strong>Pomagamy rozwi\u0105zywa\u0107 problemy podatkowe, z kt\u00f3rymi si\u0119 borykacie.<\/strong><\/p><p>Oferujemy kompleksowe doradztwo podatkowe dla os\u00f3b prywatnych, w szczeg\u00f3lno\u015bci doradztwo w zakresie podatku dochodowego od os\u00f3b fizycznych (PIT) , podatku od towar\u00f3w i us\u0142ug (VAT), podatku od spadk\u00f3w i darowizn ( SD ), podatku od czynno\u015bci cywilnoprawnych (PCC) dotycz\u0105ce m.in:<\/p><ul class=\"w_tresci\"><li>opodatkowania dochod\u00f3w z zagranicy,\u00a0<\/li><li>opodatkowania\/zwolnienia otrzymanych darowizn i spadk\u00f3w (m.in.: \u00a0SD-3 \u2013 Zeznanie podatkowe o nabyciu rzeczy lub praw maj\u0105tkowych, SD-Z2 \u2013 Zg\u0142oszenie o nabyciu rzeczy lub praw maj\u0105tkowych),\u00a0<\/li><li>uzyskania interpretacji podatkowych (wniosek ORD-IN wniosek o wydanie interpretacji indywidualnej),\u00a0<\/li><li>zwrotu VAT z wydatk\u00f3w mieszkaniowych (wniosek VZM),\u00a0<\/li><li>opodatkowania dochod\u00f3w z najmu, dzier\u017cawy itp.\u00a0<\/li><li>opodatkowania\/zwolnienia przychod\u00f3w ze zbycia nieruchomo\u015bci lub praw maj\u0105tkowych,\u00a0<\/li><li>sporz\u0105dzania deklaracji i zezna\u0144 rocznych,\u00a0<\/li><li>wyboru korzystnej formy wsp\u00f3\u0142pracy (samozatrudnienie, kontrakt mened\u017cerski itp.)\u00a0<\/li><\/ul><p>Reprezentujemy podatnik\u00f3w w post\u0119powaniach podatkowych przed organami podatkowymi we wszystkich instancjach oraz s\u0105dami administracyjnymi, pomagamy w przygotowaniu dokument\u00f3w dowodowych, wyja\u015bnie\u0144 oraz wniosk\u00f3w i odwo\u0142a\u0144.<\/p><p>Kr\u00f3tkie porady w formie elektronicznej e-mail (po wcze\u015bniejszej akceptacji wyceny us\u0142ugi i jej zap\u0142acie przez klienta).<\/p><p><strong>POMO\u017bEMY WYPE\u0141NI\u0106 LUB WYPE\u0141NIMY FORMULARZ ZA CIEBIE!<\/strong><\/p>\t\t\t\t\t\t<\/div>\n\t\t\t\t<\/div>\n\t\t\t\t\t<\/div>\n\t\t<\/div>\n\t\t\t\t\t<\/div>\n\t\t<\/section>\n\t\t\t\t<section class=\"elementor-section elementor-inner-section elementor-element elementor-element-319ce8e elementor-section-boxed elementor-section-height-default elementor-section-height-default\" data-id=\"319ce8e\" data-element_type=\"section\" data-settings=\"{&quot;ekit_has_onepagescroll_dot&quot;:&quot;yes&quot;}\">\n\t\t\t\t\t\t<div class=\"elementor-container elementor-column-gap-default\">\n\t\t\t\t\t<div class=\"elementor-column elementor-col-100 elementor-inner-column elementor-element elementor-element-5017d59\" data-id=\"5017d59\" data-element_type=\"column\">\n\t\t\t<div class=\"elementor-widget-wrap elementor-element-populated\">\n\t\t\t\t\t\t<div class=\"elementor-element elementor-element-6669fff elementor-widget elementor-widget-heading\" data-id=\"6669fff\" data-element_type=\"widget\" data-settings=\"{&quot;ekit_we_effect_on&quot;:&quot;none&quot;}\" data-widget_type=\"heading.default\">\n\t\t\t\t<div class=\"elementor-widget-container\">\n\t\t\t<h2 class=\"elementor-heading-title elementor-size-default\">Inne us\u0142ugi <\/h2>\t\t<\/div>\n\t\t\t\t<\/div>\n\t\t\t\t\t<\/div>\n\t\t<\/div>\n\t\t\t\t\t<\/div>\n\t\t<\/section>\n\t\t\t\t<section class=\"elementor-section elementor-inner-section elementor-element elementor-element-45f23bf elementor-section-full_width elementor-section-height-default elementor-section-height-default\" data-id=\"45f23bf\" data-element_type=\"section\" data-settings=\"{&quot;ekit_has_onepagescroll_dot&quot;:&quot;yes&quot;}\">\n\t\t\t\t\t\t<div class=\"elementor-container elementor-column-gap-no\">\n\t\t\t\t\t<div class=\"elementor-column elementor-col-33 elementor-inner-column elementor-element elementor-element-4550018\" data-id=\"4550018\" data-element_type=\"column\">\n\t\t\t<div class=\"elementor-widget-wrap elementor-element-populated\">\n\t\t\t\t\t\t<div class=\"elementor-element elementor-element-dacf19b ekit-equal-height-disable elementor-widget elementor-widget-elementskit-image-box\" data-id=\"dacf19b\" data-element_type=\"widget\" data-settings=\"{&quot;ekit_we_effect_on&quot;:&quot;none&quot;}\" data-widget_type=\"elementskit-image-box.default\">\n\t\t\t\t<div class=\"elementor-widget-container\">\n\t\t\t<div class=\"ekit-wid-con\" >\n            <div class=\"elementskit-info-image-box ekit-image-box text-left simple-card\" >\n\n                \n                <div class=\"elementskit-box-header image-box-img-left\">\n\n                    <img loading=\"lazy\" decoding=\"async\" width=\"700\" height=\"520\" src=\"http:\/\/widmar.pl\/wp-content\/uploads\/2024\/02\/4.png\" class=\"attachment-full size-full wp-image-432\" alt=\"\" srcset=\"http:\/\/widmar.pl\/wp-content\/uploads\/2024\/02\/4.png 700w, http:\/\/widmar.pl\/wp-content\/uploads\/2024\/02\/4-300x223.png 300w\" sizes=\"(max-width: 700px) 100vw, 700px\" \/>\n                <\/div>\n                \n                <div class=\"elementskit-box-body ekit-image-box-body\">\n                    <div class=\"elementskit-box-content ekit-image-box-body-inner\">\n                                                <h3 class=\"elementskit-info-box-title\">\n\n                        Zak\u0142adanie firmy\n                        \n                    <\/h3>\n                                                        <\/div>\n\n                                <div class=\"elementskit-box-footer\">\n                    <div class=\"box-footer\">\n                        <div class=\"btn-wraper\">\n                                                            <a href=\"http:\/\/widmar.pl\/index.php\/zakladanie-firmy\/\" class=\"elementskit-btn whitespace--normal\">\n                                    Czytaj wi\u0119cej                                <\/a>\n                                                    <\/div>\n                    <\/div>\n                <\/div>\n                            <\/div>\n            <\/div>\n    <\/div>\t\t<\/div>\n\t\t\t\t<\/div>\n\t\t\t\t\t<\/div>\n\t\t<\/div>\n\t\t\t\t<div class=\"elementor-column elementor-col-33 elementor-inner-column elementor-element elementor-element-b0c9605\" data-id=\"b0c9605\" data-element_type=\"column\">\n\t\t\t<div class=\"elementor-widget-wrap elementor-element-populated\">\n\t\t\t\t\t\t<div class=\"elementor-element elementor-element-af2cc58 ekit-equal-height-disable elementor-widget elementor-widget-elementskit-image-box\" data-id=\"af2cc58\" data-element_type=\"widget\" data-settings=\"{&quot;ekit_we_effect_on&quot;:&quot;none&quot;}\" data-widget_type=\"elementskit-image-box.default\">\n\t\t\t\t<div class=\"elementor-widget-container\">\n\t\t\t<div class=\"ekit-wid-con\" >\n            <div class=\"elementskit-info-image-box ekit-image-box text-left simple-card\" >\n\n                \n                <div class=\"elementskit-box-header image-box-img-left\">\n\n                    <img loading=\"lazy\" decoding=\"async\" width=\"700\" height=\"520\" src=\"http:\/\/widmar.pl\/wp-content\/uploads\/2024\/02\/5.png\" class=\"attachment-full size-full wp-image-433\" alt=\"\" srcset=\"http:\/\/widmar.pl\/wp-content\/uploads\/2024\/02\/5.png 700w, http:\/\/widmar.pl\/wp-content\/uploads\/2024\/02\/5-300x223.png 300w\" sizes=\"(max-width: 700px) 100vw, 700px\" \/>\n                <\/div>\n                \n                <div class=\"elementskit-box-body ekit-image-box-body\">\n                    <div class=\"elementskit-box-content ekit-image-box-body-inner\">\n                                                <h3 class=\"elementskit-info-box-title\">\n\n                        Wsp\u00f3\u0142praca w zakresie doradztwa prawnego\n                        \n                    <\/h3>\n                                                        <\/div>\n\n                                <div class=\"elementskit-box-footer\">\n                    <div class=\"box-footer\">\n                        <div class=\"btn-wraper\">\n                                                            <a href=\"http:\/\/widmar.pl\/index.php\/wspolpraca-w-zakresie-doradztwa-prawnego\/\" class=\"elementskit-btn whitespace--normal\">\n                                    Czytaj wi\u0119cej                                <\/a>\n                                                    <\/div>\n                    <\/div>\n                <\/div>\n                            <\/div>\n            <\/div>\n    <\/div>\t\t<\/div>\n\t\t\t\t<\/div>\n\t\t\t\t\t<\/div>\n\t\t<\/div>\n\t\t\t\t<div class=\"elementor-column elementor-col-33 elementor-inner-column elementor-element elementor-element-94440f1\" data-id=\"94440f1\" data-element_type=\"column\">\n\t\t\t<div class=\"elementor-widget-wrap elementor-element-populated\">\n\t\t\t\t\t\t<div class=\"elementor-element elementor-element-eb78b9a ekit-equal-height-disable elementor-widget elementor-widget-elementskit-image-box\" data-id=\"eb78b9a\" data-element_type=\"widget\" data-settings=\"{&quot;ekit_we_effect_on&quot;:&quot;none&quot;}\" data-widget_type=\"elementskit-image-box.default\">\n\t\t\t\t<div class=\"elementor-widget-container\">\n\t\t\t<div class=\"ekit-wid-con\" >\n            <div class=\"elementskit-info-image-box ekit-image-box text-left simple-card\" >\n\n                \n                <div class=\"elementskit-box-header image-box-img-left\">\n\n                    <img loading=\"lazy\" decoding=\"async\" width=\"700\" height=\"520\" src=\"http:\/\/widmar.pl\/wp-content\/uploads\/2024\/02\/6.png\" class=\"attachment-full size-full wp-image-434\" alt=\"\" srcset=\"http:\/\/widmar.pl\/wp-content\/uploads\/2024\/02\/6.png 700w, http:\/\/widmar.pl\/wp-content\/uploads\/2024\/02\/6-300x223.png 300w\" sizes=\"(max-width: 700px) 100vw, 700px\" \/>\n                <\/div>\n                \n                <div class=\"elementskit-box-body ekit-image-box-body\">\n                    <div class=\"elementskit-box-content ekit-image-box-body-inner\">\n                                                <h3 class=\"elementskit-info-box-title\">\n\n                        Us\u0142ugi dodatkowe\n                        \n                    <\/h3>\n                                                        <\/div>\n\n                                <div class=\"elementskit-box-footer\">\n                    <div class=\"box-footer\">\n                        <div class=\"btn-wraper\">\n                                                            <a href=\"http:\/\/widmar.pl\/index.php\/uslugi-dodatkowe\/\" class=\"elementskit-btn whitespace--normal\">\n                                    Czytaj wi\u0119cej                                <\/a>\n                                                    <\/div>\n                    <\/div>\n                <\/div>\n                            <\/div>\n            <\/div>\n    <\/div>\t\t<\/div>\n\t\t\t\t<\/div>\n\t\t\t\t\t<\/div>\n\t\t<\/div>\n\t\t\t\t\t<\/div>\n\t\t<\/section>\n\t\t\t\t\t<\/div>\n\t\t<\/div>\n\t\t\t\t\t<\/div>\n\t\t<\/section>\n\t\t\t\t<\/div>\n\t\t","protected":false},"excerpt":{"rendered":"<p>Home Dla firm Doradztwo podatkowe Czytaj wi\u0119cej Ksi\u0119gowo\u015b\u0107 Czytaj wi\u0119cej Kadry i p\u0142ace Czytaj wi\u0119cej Klienci indywidualni Pomagamy rozwi\u0105zywa\u0107 problemy podatkowe, z kt\u00f3rymi si\u0119 borykacie. Oferujemy kompleksowe doradztwo podatkowe dla os\u00f3b prywatnych, w szczeg\u00f3lno\u015bci doradztwo w zakresie podatku dochodowego od os\u00f3b fizycznych (PIT) , podatku od towar\u00f3w i us\u0142ug (VAT), podatku od spadk\u00f3w i darowizn [&hellip;]<\/p>\n","protected":false},"author":1,"featured_media":0,"parent":0,"menu_order":0,"comment_status":"closed","ping_status":"closed","template":"elementor_header_footer","meta":{"footnotes":""},"class_list":["post-154","page","type-page","status-publish","hentry"],"_links":{"self":[{"href":"http:\/\/widmar.pl\/index.php\/wp-json\/wp\/v2\/pages\/154","targetHints":{"allow":["GET"]}}],"collection":[{"href":"http:\/\/widmar.pl\/index.php\/wp-json\/wp\/v2\/pages"}],"about":[{"href":"http:\/\/widmar.pl\/index.php\/wp-json\/wp\/v2\/types\/page"}],"author":[{"embeddable":true,"href":"http:\/\/widmar.pl\/index.php\/wp-json\/wp\/v2\/users\/1"}],"replies":[{"embeddable":true,"href":"http:\/\/widmar.pl\/index.php\/wp-json\/wp\/v2\/comments?post=154"}],"version-history":[{"count":31,"href":"http:\/\/widmar.pl\/index.php\/wp-json\/wp\/v2\/pages\/154\/revisions"}],"predecessor-version":[{"id":477,"href":"http:\/\/widmar.pl\/index.php\/wp-json\/wp\/v2\/pages\/154\/revisions\/477"}],"wp:attachment":[{"href":"http:\/\/widmar.pl\/index.php\/wp-json\/wp\/v2\/media?parent=154"}],"curies":[{"name":"wp","href":"https:\/\/api.w.org\/{rel}","templated":true}]}}